{"id":1116,"date":"2018-11-29T09:53:01","date_gmt":"2018-11-29T09:53:01","guid":{"rendered":"http:\/\/diefinnhutte.select-themes.com\/?page_id=1116"},"modified":"2021-04-09T15:43:42","modified_gmt":"2021-04-09T15:43:42","slug":"contact-us","status":"publish","type":"page","link":"http:\/\/www.designdcconcept.ca\/?page_id=1116","title":{"rendered":"Contactez-nous"},"content":{"rendered":"<p>[vc_row row_content_width=&#8221;grid&#8221; css=&#8221;.vc_custom_1544602839254{padding-top: 106px !important;padding-bottom: 115px !important;}&#8221;][vc_column offset=&#8221;vc_col-lg-5 vc_col-md-12&#8243;]<div class=\"qodef-elements-holder   qodef-one-column  qodef-responsive-mode-768 \" ><div class=\"qodef-eh-item    \"  data-item-class=\"qodef-eh-custom-7349\" data-680=\"0 20% 0 0\">\n\t<div class=\"qodef-eh-item-inner\">\n\t\t<div class=\"qodef-eh-item-content qodef-eh-custom-7349\" style=\"padding: 0 0 0 0\">\n\t\t\t[vc_column_text]<\/p>\n<h3>heures d&#8217;ouvertures<\/h3>\n<p>[\/vc_column_text][vc_empty_space height=&#8221;20px&#8221;][vc_column_text]L-V 8:30-16:30<\/p>\n<p>S-D FERM\u00c9[\/vc_column_text][vc_empty_space height=&#8221;18px&#8221;]\t\t<\/div>\n\t<\/div>\n<\/div><\/div><div class=\"qodef-elements-holder   qodef-one-column  qodef-responsive-mode-768 \" ><div class=\"qodef-eh-item    \"  data-item-class=\"qodef-eh-custom-5771\" data-1025-1366=\"0 0\" data-769-1024=\"0 35% 20px 0\" data-680=\"0 0\">\n\t<div class=\"qodef-eh-item-inner\">\n\t\t<div class=\"qodef-eh-item-content qodef-eh-custom-5771\" style=\"padding: 0 15% 0 0\">\n\t\t\t[vc_column_text]Que ce soit pour discuter de votre projet, pour faire notre connaissance ou encore venir fouiner, n&#8217;h\u00e9sitez surtout pas \u00e0 arr\u00eater venir nous voir! Nous sommes ouverts au public et privil\u00e9gions la proximit\u00e9 avec nos clients. Design DC Concept, c&#8217;est comme une belle grand famille, les drames en moins. Prenez note que nous offrons \u00e9galement les consultations au bureau (et \u00e0 domicile). Vous pouvez donc venir faire des s\u00e9lections de mat\u00e9riaux pour votre projet dans notre grande mat\u00e9riauth\u00e8que plut\u00f4t que de courir les magasins.<\/p>\n<p>Au plaisir de y vous voir![\/vc_column_text][vc_empty_space height=&#8221;14px&#8221;][vc_column_text]<\/p>\n<h5 style=\"margin-bottom: 18px; display: inline-block; width: 100px;\">t\u00e9l\u00e9phone<\/h5>\n<p style=\"display: inline-block;\">+1 (450) 447 4518<\/p>\n<p>[\/vc_column_text][vc_column_text]<\/p>\n<h5 style=\"margin-top: 0px; margin-bottom: 0px; display: inline-block; width: 100px;\"><span style=\"vertical-align: inherit;\"><span style=\"vertical-align: inherit;\">courriel<\/span><\/span><\/h5>\n<p style=\"display: inline-block;\"><span style=\"vertical-align: inherit;\"><span style=\"vertical-align: inherit;\">cmartin@dcconcept.ca<\/span><\/span><\/p>\n<p>[\/vc_column_text][vc_column_text]<\/p>\n<h5 style=\"margin-top: 24px; display: inline-block; width: 100px;\">adresse<\/h5>\n<p style=\"display: inline-block;\">695 avenue de Salaberry,<\/p>\n<p style=\"display: inline-block;\">Chambly<\/p>\n<p>[\/vc_column_text]\t\t<\/div>\n\t<\/div>\n<\/div><\/div>[\/vc_column][vc_column offset=&#8221;vc_col-lg-7 vc_col-md-12&#8243;]<div class=\"qodef-elements-holder   qodef-one-column  qodef-responsive-mode-768 \" ><div class=\"qodef-eh-item    \"  data-item-class=\"qodef-eh-custom-5481\" data-1025-1366=\"0 0 0 10%\">\n\t<div class=\"qodef-eh-item-inner\">\n\t\t<div class=\"qodef-eh-item-content qodef-eh-custom-5481\" style=\"padding: 0 0 0 0\">\n\t\t\t[vc_column_text]<\/p>\n<h3>\u00e9crivez-nous vos questions<\/h3>\n<p>[\/vc_column_text][vc_empty_space height=&#8221;34px&#8221;]<div role=\"form\" class=\"wpcf7\" id=\"wpcf7-f5382-o1\" lang=\"en-US\" dir=\"ltr\">\n<div class=\"screen-reader-response\"><p role=\"status\" aria-live=\"polite\" aria-atomic=\"true\"><\/p> <ul><\/ul><\/div>\n<form action=\"\/index.php?rest_route=%2Fwp%2Fv2%2Fpages%2F1116#wpcf7-f5382-o1\" method=\"post\" class=\"wpcf7-form init cf7_custom_style_1\" novalidate=\"novalidate\" data-status=\"init\">\n<div style=\"display: none;\">\n<input type=\"hidden\" name=\"_wpcf7\" value=\"5382\" \/>\n<input type=\"hidden\" name=\"_wpcf7_version\" value=\"5.3\" \/>\n<input type=\"hidden\" name=\"_wpcf7_locale\" value=\"en_US\" \/>\n<input type=\"hidden\" name=\"_wpcf7_unit_tag\" value=\"wpcf7-f5382-o1\" \/>\n<input type=\"hidden\" name=\"_wpcf7_container_post\" value=\"0\" \/>\n<input type=\"hidden\" name=\"_wpcf7_posted_data_hash\" value=\"\" \/>\n<\/div>\n<p><label> Nom<br \/>\n    <span class=\"wpcf7-form-control-wrap votre-nom\"><input type=\"text\" name=\"votre-nom\" value=\"\" size=\"40\" class=\"wpcf7-form-control wpcf7-text wpcf7-validates-as-required\" aria-required=\"true\" aria-invalid=\"false\" \/><\/span> <\/label><\/p>\n<p><label> Courriel<br \/>\n    <span class=\"wpcf7-form-control-wrap votre-courriel\"><input type=\"email\" name=\"votre-courriel\" value=\"\" size=\"40\" class=\"wpcf7-form-control wpcf7-text wpcf7-email wpcf7-validates-as-required wpcf7-validates-as-email\" aria-required=\"true\" aria-invalid=\"false\" \/><\/span> <\/label><\/p>\n<p><label> Sujet<br \/>\n    <span class=\"wpcf7-form-control-wrap votre-sujet\"><input type=\"text\" name=\"votre-sujet\" value=\"\" size=\"40\" class=\"wpcf7-form-control wpcf7-text\" aria-invalid=\"false\" \/><\/span> <\/label><\/p>\n<p><label> Message<br \/>\n    <span class=\"wpcf7-form-control-wrap votre-message\"><textarea name=\"votre-message\" cols=\"40\" rows=\"10\" class=\"wpcf7-form-control wpcf7-textarea\" aria-invalid=\"false\"><\/textarea><\/span> <\/label><\/p>\n<p><button type=\"submit\" class=\"wpcf7-form-control wpcf7-submit qodef-btn qodef-btn-medium qodef-btn-solid\"><span class=\"qodef-btn-text\">Envoyer<\/span><\/button><\/p>\n<div class=\"wpcf7-response-output\" aria-hidden=\"true\"><\/div><\/form><\/div>\t\t<\/div>\n\t<\/div>\n<\/div><\/div>[\/vc_column][\/vc_row][vc_row][vc_column]<div class=\"qodef-google-map-holder\">\n\t\t<div class=\"qodef-google-map\" id=\"qodef-map-860852\" data-addresses='[\"695 avenue de Salaberry, Chambly, Qu\u00e9bec, J3L 1R2\"]' data-custom-map-style=yes data-color-overlay=#393939 data-saturation=-100 data-lightness=0 data-zoom=17 data-pin=http:\/\/www.designdcconcept.ca\/wp-content\/uploads\/2019\/01\/PIN.png data-unique-id=860852 data-scroll-wheel=no data-height=465 ><\/div>\n\t\t\t\t<div class=\"qodef-google-map-overlay\"><\/div>\n\t<\/div>[\/vc_column][\/vc_row]<\/p>\n","protected":false},"excerpt":{"rendered":"<p>[vc_row row_content_width=&#8221;grid&#8221; css=&#8221;.vc_custom_1544602839254{padding-top: 106px !important;padding-bottom: 115px !important;}&#8221;][vc_column offset=&#8221;vc_col-lg-5 vc_col-md-12&#8243;][\/vc_column][vc_column offset=&#8221;vc_col-lg-7 vc_col-md-12&#8243;][\/vc_column][\/vc_row][vc_row][vc_column][\/vc_column][\/vc_row]<\/p>\n","protected":false},"author":1,"featured_media":0,"parent":0,"menu_order":0,"comment_status":"closed","ping_status":"closed","template":"full-width.php","meta":[],"yoast_head":"<!-- This site is optimized with the Yoast SEO plugin v15.2.1 - https:\/\/yoast.com\/wordpress\/plugins\/seo\/ -->\n<title>Contactez-nous - design dc concept<\/title>\n<meta name=\"robots\" content=\"index, follow, max-snippet:-1, max-image-preview:large, max-video-preview:-1\" \/>\n<link rel=\"canonical\" href=\"http:\/\/www.designdcconcept.ca\/?page_id=1116\" \/>\n<meta property=\"og:locale\" content=\"en_US\" \/>\n<meta property=\"og:type\" content=\"article\" \/>\n<meta property=\"og:title\" content=\"Contactez-nous - design dc concept\" \/>\n<meta property=\"og:description\" content=\"[vc_row row_content_width=&#8221;grid&#8221; css=&#8221;.vc_custom_1544602839254{padding-top: 106px !important;padding-bottom: 115px !important;}&#8221;][vc_column offset=&#8221;vc_col-lg-5 vc_col-md-12&#8243;][\/vc_column][vc_column offset=&#8221;vc_col-lg-7 vc_col-md-12&#8243;][\/vc_column][\/vc_row][vc_row][vc_column][\/vc_column][\/vc_row]\" \/>\n<meta property=\"og:url\" content=\"http:\/\/www.designdcconcept.ca\/?page_id=1116\" \/>\n<meta property=\"og:site_name\" content=\"design dc concept\" \/>\n<meta property=\"article:modified_time\" content=\"2021-04-09T15:43:42+00:00\" \/>\n<meta name=\"twitter:card\" content=\"summary_large_image\" \/>\n<meta name=\"twitter:label1\" content=\"Written by\">\n\t<meta name=\"twitter:data1\" content=\"sushilabrador\">\n\t<meta name=\"twitter:label2\" content=\"Est. reading time\">\n\t<meta name=\"twitter:data2\" content=\"1 minute\">\n<script type=\"application\/ld+json\" class=\"yoast-schema-graph\">{\"@context\":\"https:\/\/schema.org\",\"@graph\":[{\"@type\":\"WebSite\",\"@id\":\"http:\/\/www.designdcconcept.ca\/#website\",\"url\":\"http:\/\/www.designdcconcept.ca\/\",\"name\":\"design dc concept\",\"description\":\"design r\\u00e9sidentiel et commercial \",\"potentialAction\":[{\"@type\":\"SearchAction\",\"target\":\"http:\/\/www.designdcconcept.ca\/?s={search_term_string}\",\"query-input\":\"required name=search_term_string\"}],\"inLanguage\":\"en-US\"},{\"@type\":\"WebPage\",\"@id\":\"http:\/\/www.designdcconcept.ca\/?page_id=1116#webpage\",\"url\":\"http:\/\/www.designdcconcept.ca\/?page_id=1116\",\"name\":\"Contactez-nous - design dc concept\",\"isPartOf\":{\"@id\":\"http:\/\/www.designdcconcept.ca\/#website\"},\"datePublished\":\"2018-11-29T09:53:01+00:00\",\"dateModified\":\"2021-04-09T15:43:42+00:00\",\"inLanguage\":\"en-US\",\"potentialAction\":[{\"@type\":\"ReadAction\",\"target\":[\"http:\/\/www.designdcconcept.ca\/?page_id=1116\"]}]}]}<\/script>\n<!-- \/ Yoast SEO plugin. -->","_links":{"self":[{"href":"http:\/\/www.designdcconcept.ca\/index.php?rest_route=\/wp\/v2\/pages\/1116"}],"collection":[{"href":"http:\/\/www.designdcconcept.ca\/index.php?rest_route=\/wp\/v2\/pages"}],"about":[{"href":"http:\/\/www.designdcconcept.ca\/index.php?rest_route=\/wp\/v2\/types\/page"}],"author":[{"embeddable":true,"href":"http:\/\/www.designdcconcept.ca\/index.php?rest_route=\/wp\/v2\/users\/1"}],"replies":[{"embeddable":true,"href":"http:\/\/www.designdcconcept.ca\/index.php?rest_route=%2Fwp%2Fv2%2Fcomments&post=1116"}],"version-history":[{"count":9,"href":"http:\/\/www.designdcconcept.ca\/index.php?rest_route=\/wp\/v2\/pages\/1116\/revisions"}],"predecessor-version":[{"id":5652,"href":"http:\/\/www.designdcconcept.ca\/index.php?rest_route=\/wp\/v2\/pages\/1116\/revisions\/5652"}],"wp:attachment":[{"href":"http:\/\/www.designdcconcept.ca\/index.php?rest_route=%2Fwp%2Fv2%2Fmedia&parent=1116"}],"curies":[{"name":"wp","href":"https:\/\/api.w.org\/{rel}","templated":true}]}}